{"id":428,"date":"2020-04-24T19:05:20","date_gmt":"2020-04-24T17:05:20","guid":{"rendered":"https:\/\/www.patrium.es\/de\/?page_id=428"},"modified":"2020-10-05T18:33:38","modified_gmt":"2020-10-05T16:33:38","slug":"datenschutzerklarung","status":"publish","type":"page","link":"https:\/\/www.patrium.es\/de\/datenschutzerklarung\/","title":{"rendered":"Datenschutzerkl\u00e4rung"},"content":{"rendered":"\r\n<p><strong>Verantwortliche Partei. Wer wird Ihre Daten verarbeiten?<\/strong><\/p>\r\n<p>GENEVE MONTPLA SLCALLE CASTELLET N. 16, BAJOS- LOCAL 2, 07590 CALA RAJADA (BALEAREN)<\/p>\r\n<p>&nbsp;<\/p>\r\n<p><strong>Zweck: Wozu werden Ihre Daten verwendet?<\/strong><\/p>\r\n<p>Wenn Sie die Einrichtungen unseres Unternehmens betreten, gew\u00e4hrleisten wir Ihnen Sicherheit durch Video\u00fcberwachung.<\/p>\r\n<p>Ihre Rechte in Bezug auf den Datenschutz: Verwaltung der Pflichten zur Beachtung der Rechte im Zusammenhang mit dem Schutz personenbezogener Daten.<\/p>\r\n<p>Wenn Sie \u00fcber eine Sicherheitsverletzung benachrichtigt werden: Verwaltung und Bewertung der auftretenden Sicherheitsverletzungen.<\/p>\r\n<p>F\u00fcr den Fall, dass Sie Ihren Lebenslauf zur Teilnahme an Auswahlverfahren einsenden: Verwaltung von Stellenbewerbern durch Auswahlverfahren.<\/p>\r\n<p>Wenn Sie eine gesch\u00e4ftliche oder administrative Beziehung mit uns haben: Im Falle der Beteiligung an einem Vertrag als Selbst\u00e4ndiger oder als nat\u00fcrliche Person, um die vertragliche Beziehung aufrechtzuerhalten und auszubauen. Wenn Sie als Vertragspartei der Vertreter oder die Kontaktperson einer juristischen Person sind, besteht der Zweck darin, den Kontakt mit dem Unternehmen, das Sie vertreten oder f\u00fcr das Sie arbeiten, aufrechtzuerhalten.<\/p>\r\n<p>Wenn Sie eine nat\u00fcrliche Person oder eine Kontaktperson einer juristischen Person oder eines Einzelunternehmers sind, um Kommunikationsma\u00dfnahmen, Zweifel und Fragen, die an uns gerichtet werden k\u00f6nnen, zu verwalten.<\/p>\r\n<p>&nbsp;<\/p>\r\n<p><strong>Aufbewahrungsfristen oder -kriterien: Wie lange werden wir Ihre Daten aufbewahren?<\/strong><\/p>\r\n<p>Wenn Sie die Einrichtungen unseres Unternehmens betreten, 1 Monat nach der Aufzeichnung durch unsere Kameras.<\/p>\r\n<p>Im Zusammenhang mit dem Datenschutz: Die Daten werden f\u00fcr drei Jahre nach Beendigung der Bearbeitung des Falls aufbewahrt. Verj\u00e4hrung bei sehr schweren Verst\u00f6\u00dfen.<\/p>\r\n<p>Wenn Sie \u00fcber eine Sicherheitsverletzung benachrichtigt werden: Sie werden drei Jahre lang nach Beendigung der Betreuung aufbewahrt. Verj\u00e4hrung bei sehr schweren Verst\u00f6\u00dfen.<\/p>\r\n<p>F\u00fcr den Fall, dass Sie Ihren Lebenslauf zur Teilnahme an Auswahlverfahren einsenden: f\u00fcr die Zeit, die erforderlich ist, um den Zweck zu erf\u00fcllen, f\u00fcr den er eingesendet wurde, und um m\u00f6gliche Verantwortlichkeiten zu bestimmen und um eventuelle Anspr\u00fcche, die in Zukunft gegen die Einrichtung geltend gemacht werden k\u00f6nnten, zu erf\u00fcllen, und f\u00fcr den Fall, dass Sie Ihre Daten f\u00fcr nachfolgende Auswahlverfahren aufbewahren, solange Sie nicht ihre L\u00f6schung beantragen.<\/p>\r\n<p>Wenn Sie mit uns in einer gesch\u00e4ftlichen oder administrativen Beziehung stehen: Wenn Sie Vertragspartei sind und eine selbst\u00e4ndige oder nat\u00fcrliche Person sind, werden die Daten f\u00fcr die Zeit aufbewahrt, die notwendig ist, um den Zweck zu erf\u00fcllen, f\u00fcr den sie gesammelt wurden, und um m\u00f6gliche Verbindlichkeiten zu ermitteln und eventuelle Anspr\u00fcche zu bearbeiten, die in Zukunft gegen die Einrichtung geltend gemacht werden k\u00f6nnen. Wenn Sie ein Vertreter oder eine Kontaktperson einer juristischen Person sind, solange Sie Ihre Vertretungs- oder Berufsposition beibehalten oder solange Sie nicht um deren Aufhebung bitten.<\/p>\r\n<p>Wenn Sie eine Kontaktperson einer juristischen Person oder eines Einzelunternehmens sind und die juristische Person oder ihr Unternehmen Empf\u00e4nger unserer kommerziellen Angebote ist, werden wir diese so lange aufbewahren, wie Sie nicht von Ihrem Widerspruchsrecht Gebrauch machen.<\/p>\r\n<p>&nbsp;<\/p>\r\n<p><strong>Legitimation. Warum sind wir berechtigt, Ihre pers\u00f6nlichen Daten zu verarbeiten?<\/strong><\/p>\r\n<p>Wenn Sie Zugang zu den Einrichtungen unseres Unternehmens haben, sorgen sie f\u00fcr Sicherheit im Einklang mit dem berechtigten Interesse.<\/p>\r\n<p>Wenn Sie ein Recht in Bezug auf den Datenschutz aus\u00fcben: Die Verarbeitung ist zur Erf\u00fcllung einer rechtlichen Verpflichtung erforderlich, der der Verantwortliche unterliegt (Artikel 6.1.c) laut der Verordnung (EU) 2016\/679 DSGVO)<\/p>\r\n<p>Wenn Sie \u00fcber eine Sicherheitsverletzung benachrichtigt werden: Die Verarbeitung ist zur Erf\u00fcllung einer rechtlichen Verpflichtung erforderlich, der der Verantwortliche unterliegt (Artikel 6.1.c) laut der Verordnung (EU) 2016\/679 DSGVO).<\/p>\r\n<p>F\u00fcr den Fall, dass Sie Ihren Lebenslauf zur Teilnahme an Auswahlverfahren einsenden: Die Verarbeitung ist f\u00fcr die Erf\u00fcllung eines Vertrags, dessen Vertragspartei die betroffene Person ist, oder zur Durchf\u00fchrung vorvertraglicher Ma\u00dfnahmen erforderlich, die auf Anfrage der betroffenen Person erfolgen; (Artikel 6.1.b) der Verordnung (EU) 2016\/679 DSGVO).<\/p>\r\n<p>Wenn Sie eine gesch\u00e4ftliche oder administrative Beziehung mit uns haben: Im Falle einer Vertragspartei und einer selbst\u00e4ndigen oder nat\u00fcrlichen Person besteht der Zweck der Verarbeitung in der Aufrechterhaltung und Weiterentwicklung des Vertragsverh\u00e4ltnisses. Wir sind dazu laut Artikel 9 Absatz 2 Buchstabe c der Verordnung (EU) 2016\/679 (DSGVO) berechtigt, wenn es f\u00fcr die Ausf\u00fchrung eines Vertrags oder f\u00fcr die Anwendung vorvertraglicher Ma\u00dfnahmen auf Antrag der betroffenen Person erforderlich ist. Wenn Sie als Vertreter einer juristischen Person an einem Vertrag beteiligt sind oder eine Kontaktperson f\u00fcr diese juristische Person sind, sind wir berechtigt, Ihre Daten zu verarbeiten, weil die Verarbeitung zur Ausf\u00fchrung berechtigter Interessen erforderlich ist, die von dem f\u00fcr die Verarbeitung Verantwortlichen oder einem Dritten verfolgt werden (Artikel 6 Absatz 1 Buchstabe f der Verordnung (EU) 2016\/679 Allgemeiner Datenschutz).<\/p>\r\n","protected":false},"excerpt":{"rendered":"<p>Verantwortliche Partei. Wer wird Ihre Daten verarbeiten? GENEVE MONTPLA SLCALLE CASTELLET N. 16, BAJOS- LOCAL 2, 07590 CALA RAJADA (BALEAREN) &nbsp; Zweck: Wozu werden Ihre Daten verwendet? Wenn Sie die Einrichtungen unseres Unternehmens betreten, gew\u00e4hrleisten wir Ihnen Sicherheit durch Video\u00fcberwachung. Ihre Rechte in Bezug auf den Datenschutz: Verwaltung der Pflichten zur Beachtung der Rechte im<\/p>\n","protected":false},"author":1,"featured_media":0,"parent":0,"menu_order":0,"comment_status":"closed","ping_status":"closed","template":"","meta":{"footnotes":""},"yoast_head":"<!-- This site is optimized with the Yoast SEO plugin v23.5 - https:\/\/yoast.com\/wordpress\/plugins\/seo\/ -->\n<title>Datenschutzerkl\u00e4rung - Patrium - Testamente, Nachl\u00e4sse und Erbschaft<\/title>\n<meta name=\"robots\" content=\"index, follow, max-snippet:-1, max-image-preview:large, max-video-preview:-1\" \/>\n<link rel=\"canonical\" href=\"https:\/\/www.patrium.es\/de\/datenschutzerklarung\/\" \/>\n<meta property=\"og:locale\" content=\"de_DE\" \/>\n<meta property=\"og:type\" content=\"article\" \/>\n<meta property=\"og:title\" content=\"Datenschutzerkl\u00e4rung - Patrium - Testamente, Nachl\u00e4sse und Erbschaft\" \/>\n<meta property=\"og:description\" content=\"Verantwortliche Partei. Wer wird Ihre Daten verarbeiten? GENEVE MONTPLA SLCALLE CASTELLET N. 16, BAJOS- LOCAL 2, 07590 CALA RAJADA (BALEAREN) &nbsp; Zweck: Wozu werden Ihre Daten verwendet? Wenn Sie die Einrichtungen unseres Unternehmens betreten, gew\u00e4hrleisten wir Ihnen Sicherheit durch Video\u00fcberwachung. Ihre Rechte in Bezug auf den Datenschutz: Verwaltung der Pflichten zur Beachtung der Rechte im\" \/>\n<meta property=\"og:url\" content=\"https:\/\/www.patrium.es\/de\/datenschutzerklarung\/\" \/>\n<meta property=\"og:site_name\" content=\"Patrium - Testamente, Nachl\u00e4sse und Erbschaft\" \/>\n<meta property=\"article:modified_time\" content=\"2020-10-05T16:33:38+00:00\" \/>\n<meta property=\"og:image\" content=\"https:\/\/www.patrium.es\/de\/wp-content\/uploads\/sites\/6\/2020\/10\/patrium-portada-facebook-de.jpg\" \/>\n\t<meta property=\"og:image:width\" content=\"1300\" \/>\n\t<meta property=\"og:image:height\" content=\"680\" \/>\n\t<meta property=\"og:image:type\" content=\"image\/jpeg\" \/>\n<meta name=\"twitter:card\" content=\"summary_large_image\" \/>\n<meta name=\"twitter:label1\" content=\"Gesch\u00e4tzte Lesezeit\" \/>\n\t<meta name=\"twitter:data1\" content=\"4\u00a0Minuten\" \/>\n<!-- \/ Yoast SEO plugin. -->","yoast_head_json":{"title":"Datenschutzerkl\u00e4rung - Patrium - Testamente, Nachl\u00e4sse und Erbschaft","robots":{"index":"index","follow":"follow","max-snippet":"max-snippet:-1","max-image-preview":"max-image-preview:large","max-video-preview":"max-video-preview:-1"},"canonical":"https:\/\/www.patrium.es\/de\/datenschutzerklarung\/","og_locale":"de_DE","og_type":"article","og_title":"Datenschutzerkl\u00e4rung - Patrium - Testamente, Nachl\u00e4sse und Erbschaft","og_description":"Verantwortliche Partei. Wer wird Ihre Daten verarbeiten? GENEVE MONTPLA SLCALLE CASTELLET N. 16, BAJOS- LOCAL 2, 07590 CALA RAJADA (BALEAREN) &nbsp; Zweck: Wozu werden Ihre Daten verwendet? Wenn Sie die Einrichtungen unseres Unternehmens betreten, gew\u00e4hrleisten wir Ihnen Sicherheit durch Video\u00fcberwachung. Ihre Rechte in Bezug auf den Datenschutz: Verwaltung der Pflichten zur Beachtung der Rechte im","og_url":"https:\/\/www.patrium.es\/de\/datenschutzerklarung\/","og_site_name":"Patrium - Testamente, Nachl\u00e4sse und Erbschaft","article_modified_time":"2020-10-05T16:33:38+00:00","og_image":[{"width":1300,"height":680,"url":"https:\/\/www.patrium.es\/de\/wp-content\/uploads\/sites\/6\/2020\/10\/patrium-portada-facebook-de.jpg","type":"image\/jpeg"}],"twitter_card":"summary_large_image","twitter_misc":{"Gesch\u00e4tzte Lesezeit":"4\u00a0Minuten"},"schema":{"@context":"https:\/\/schema.org","@graph":[{"@type":"WebPage","@id":"https:\/\/www.patrium.es\/de\/datenschutzerklarung\/","url":"https:\/\/www.patrium.es\/de\/datenschutzerklarung\/","name":"Datenschutzerkl\u00e4rung - Patrium - Testamente, Nachl\u00e4sse und Erbschaft","isPartOf":{"@id":"https:\/\/www.patrium.es\/de\/#website"},"datePublished":"2020-04-24T17:05:20+00:00","dateModified":"2020-10-05T16:33:38+00:00","breadcrumb":{"@id":"https:\/\/www.patrium.es\/de\/datenschutzerklarung\/#breadcrumb"},"inLanguage":"de","potentialAction":[{"@type":"ReadAction","target":["https:\/\/www.patrium.es\/de\/datenschutzerklarung\/"]}]},{"@type":"BreadcrumbList","@id":"https:\/\/www.patrium.es\/de\/datenschutzerklarung\/#breadcrumb","itemListElement":[{"@type":"ListItem","position":1,"name":"Portada","item":"https:\/\/www.patrium.es\/de\/"},{"@type":"ListItem","position":2,"name":"Datenschutzerkl\u00e4rung"}]},{"@type":"WebSite","@id":"https:\/\/www.patrium.es\/de\/#website","url":"https:\/\/www.patrium.es\/de\/","name":"Patrium - Testamente, Nachl\u00e4sse und Erbschaft","description":"Equipo jur\u00eddico especializado en Sucesiones, Herencias y Patrimonios","potentialAction":[{"@type":"SearchAction","target":{"@type":"EntryPoint","urlTemplate":"https:\/\/www.patrium.es\/de\/?s={search_term_string}"},"query-input":{"@type":"PropertyValueSpecification","valueRequired":true,"valueName":"search_term_string"}}],"inLanguage":"de"}]}},"_links":{"self":[{"href":"https:\/\/www.patrium.es\/de\/wp-json\/wp\/v2\/pages\/428"}],"collection":[{"href":"https:\/\/www.patrium.es\/de\/wp-json\/wp\/v2\/pages"}],"about":[{"href":"https:\/\/www.patrium.es\/de\/wp-json\/wp\/v2\/types\/page"}],"author":[{"embeddable":true,"href":"https:\/\/www.patrium.es\/de\/wp-json\/wp\/v2\/users\/1"}],"replies":[{"embeddable":true,"href":"https:\/\/www.patrium.es\/de\/wp-json\/wp\/v2\/comments?post=428"}],"version-history":[{"count":4,"href":"https:\/\/www.patrium.es\/de\/wp-json\/wp\/v2\/pages\/428\/revisions"}],"predecessor-version":[{"id":1254,"href":"https:\/\/www.patrium.es\/de\/wp-json\/wp\/v2\/pages\/428\/revisions\/1254"}],"wp:attachment":[{"href":"https:\/\/www.patrium.es\/de\/wp-json\/wp\/v2\/media?parent=428"}],"curies":[{"name":"wp","href":"https:\/\/api.w.org\/{rel}","templated":true}]}}