{"id":431,"date":"2020-04-24T19:08:05","date_gmt":"2020-04-24T17:08:05","guid":{"rendered":"https:\/\/www.patrium.es\/de\/?page_id=431"},"modified":"2020-10-06T14:03:39","modified_gmt":"2020-10-06T12:03:39","slug":"cookie-einstellungen","status":"publish","type":"page","link":"https:\/\/www.patrium.es\/de\/cookie-einstellungen\/","title":{"rendered":"Cookie-Einstellungen"},"content":{"rendered":"\r\n<p><strong>Was sind Cookies?<\/strong><\/p>\r\n<p>Ein Cookie ist eine Datei, die auf Ihren Computer heruntergeladen wird, wenn Sie auf bestimmte Webseiten zugreifen. Cookies erm\u00f6glichen es einer Webseite unter anderem, Informationen \u00fcber die Surfgewohnheiten eines Benutzers oder seiner Ger\u00e4te zu speichern und abzurufen. Abh\u00e4ngig von den darin enthaltenen Informationen und der Art und Weise, wie sie ihre Ger\u00e4te verwenden, k\u00f6nnen sie zur Erkennung verwendet werden an den Benutzer.<\/p>\r\n<p><strong>Cookies k\u00f6nnen sein:<\/strong><\/p>\r\n<p>Eigene Cookies: Dies sind solche Cookies, die von einem vom Editor selbst verwalteten Computer oder einer Dom\u00e4ne an das Endger\u00e4t des Benutzers gesendet werden und von denen der vom Benutzer angeforderte Dienst bereitgestellt wird.<\/p>\r\n<p>Cookies von Drittanbietern: Dies sind Cookies, die von einem Computer oder einer Dom\u00e4ne an das Endger\u00e4t des Benutzers gesendet werden, die nicht vom Herausgeber verwaltet wird, sondern von einer anderen Stelle, die die durch Cookies erhaltenen Daten verarbeitet.<\/p>\r\n<p>Sitzungscookies: Hierbei handelt es sich um eine Art von Cookies, mit denen Daten gesammelt und gespeichert werden, w\u00e4hrend der Benutzer auf eine Webseite zugreift.<\/p>\r\n<p>Technische Cookies: Hierbei handelt es sich um Cookies, mit denen der Benutzer durch eine Webseite, Plattform oder Anwendung navigieren und die verschiedenen darin vorhandenen Optionen oder Dienste verwenden kann, z. B. die Steuerung des Datenverkehrs und der Datenkommunikation sowie die Identifizierung der Sitzung, Zugriff auf Teile des eingeschr\u00e4nkten Zugriffs, Erinnerung an die Elemente, aus denen eine Bestellung besteht, Durchf\u00fchrung des Kaufvorgangs, Beantragung der Registrierung oder Teilnahme an einer Veranstaltung, Verwendung von Sicherheitselementen beim Surfen, Speichern von Inhalten zur Verbreitung von Videos oder Ton oder teilen Inhalte \u00fcber soziale Netzwerke.<\/p>\r\n<p>Analyse-Cookies: Mit diesen Cookies kann die f\u00fcr sie verantwortliche Person das Verhalten der Benutzer der Websites, auf die sie verlinkt sind, \u00fcberwachen und analysieren. Die durch diese Art von Cookies gesammelten Informationen werden verwendet, um die Aktivit\u00e4t der Websites, Anwendungen oder Plattformen zu messen und Navigationsprofile der Benutzer dieser Websites, Anwendungen und Plattformen zu erstellen, um Verbesserungen in einzuf\u00fchren Funktion der Analyse der Nutzungsdaten der Nutzer des Dienstes.<\/p>\r\n<p>Im Einzelnen werden auf dieser Website folgende Cookies verwendet:<\/p>\r\n\r\n\r\n\r\n\r\n\r\n<table id=\"CookieTable\" class=\"table table-striped table-bordered mb-5\">\r\n<thead>\r\n<tr>\r\n<th scope=\"col\">Cookie<\/th>\r\n<th scope=\"col\">Beschreibung<\/th>\r\n<th scope=\"col\">Dauer<\/th>\r\n<th scope=\"col\">Tipo<\/th>\r\n<\/tr>\r\n<\/thead>\r\n<tbody>\r\n<tr>\r\n<td>_ga, _gid, _gat_UA-176958173-1<\/td>\r\n<td>Von Google Analytics installierte Cookies zur Berechnung statistischer Daten bei Besuchen im Internet. Diese Cookies speichern anonyme Informationen und verwenden eine Zufallszahl als Kennung, um eindeutige Besucher zu berechnen.<\/td>\r\n<td>2 Jahre<\/td>\r\n<td>Analytics<\/td>\r\n<\/tr>\r\n<\/tbody>\r\n<\/table>\r\n<p>Sie k\u00f6nnen die auf Ihrem Computer installierten Cookies jederzeit zulassen, blockieren oder l\u00f6schen, indem Sie die Optionen des von Ihnen installierten Browsers konfigurieren:<\/p>\r\n\r\n\r\n\r\n<ul>\r\n<li>Google Chrome:\u00a0<a href=\"https:\/\/support.google.com\/chrome\/answer\/95647?hl=es\">So verwalten Sie Cookies und Site-Daten.<\/a><\/li>\r\n<li>Firefox:\u00a0<a href=\"https:\/\/support.mozilla.org\/es\/kb\/habilitar-y-deshabilitar-cookies-que-los-sitios-we\">Aktivieren und deaktivieren Sie Cookies, mit denen Websites Ihre Einstellungen verfolgen.<\/a><\/li>\r\n<li>Internet Explorer:\u00a0<a href=\"http:\/\/windows.microsoft.com\/es-es\/windows-vista\/block-or-allow-cookies\">Cookies blockieren oder zulassen.<\/a><\/li>\r\n<li>Safari:\u00a0<a href=\"http:\/\/support.apple.com\/kb\/PH17204?viewlocale=es_ES&amp;locale=es_ES\">Im Internet navigieren.<\/a> Abschnitt Pers\u00f6nliche Daten sch\u00fctzen (am Ende der Seite)<\/li>\r\n<\/ul>\r\n","protected":false},"excerpt":{"rendered":"<p>Was sind Cookies? Ein Cookie ist eine Datei, die auf Ihren Computer heruntergeladen wird, wenn Sie auf bestimmte Webseiten zugreifen. Cookies erm\u00f6glichen es einer Webseite unter anderem, Informationen \u00fcber die Surfgewohnheiten eines Benutzers oder seiner Ger\u00e4te zu speichern und abzurufen. Abh\u00e4ngig von den darin enthaltenen Informationen und der Art und Weise, wie sie ihre Ger\u00e4te<\/p>\n","protected":false},"author":1,"featured_media":0,"parent":0,"menu_order":0,"comment_status":"closed","ping_status":"closed","template":"","meta":{"footnotes":""},"yoast_head":"<!-- This site is optimized with the Yoast SEO plugin v23.5 - https:\/\/yoast.com\/wordpress\/plugins\/seo\/ -->\n<title>Cookie-Einstellungen - Patrium - Testamente, Nachl\u00e4sse und Erbschaft<\/title>\n<meta name=\"robots\" content=\"index, follow, max-snippet:-1, max-image-preview:large, max-video-preview:-1\" \/>\n<link rel=\"canonical\" href=\"https:\/\/www.patrium.es\/de\/cookie-einstellungen\/\" \/>\n<meta property=\"og:locale\" content=\"de_DE\" \/>\n<meta property=\"og:type\" content=\"article\" \/>\n<meta property=\"og:title\" content=\"Cookie-Einstellungen - Patrium - Testamente, Nachl\u00e4sse und Erbschaft\" \/>\n<meta property=\"og:description\" content=\"Was sind Cookies? Ein Cookie ist eine Datei, die auf Ihren Computer heruntergeladen wird, wenn Sie auf bestimmte Webseiten zugreifen. Cookies erm\u00f6glichen es einer Webseite unter anderem, Informationen \u00fcber die Surfgewohnheiten eines Benutzers oder seiner Ger\u00e4te zu speichern und abzurufen. Abh\u00e4ngig von den darin enthaltenen Informationen und der Art und Weise, wie sie ihre Ger\u00e4te\" \/>\n<meta property=\"og:url\" content=\"https:\/\/www.patrium.es\/de\/cookie-einstellungen\/\" \/>\n<meta property=\"og:site_name\" content=\"Patrium - Testamente, Nachl\u00e4sse und Erbschaft\" \/>\n<meta property=\"article:modified_time\" content=\"2020-10-06T12:03:39+00:00\" \/>\n<meta property=\"og:image\" content=\"https:\/\/www.patrium.es\/de\/wp-content\/uploads\/sites\/6\/2020\/10\/patrium-portada-facebook-de.jpg\" \/>\n\t<meta property=\"og:image:width\" content=\"1300\" \/>\n\t<meta property=\"og:image:height\" content=\"680\" \/>\n\t<meta property=\"og:image:type\" content=\"image\/jpeg\" \/>\n<meta name=\"twitter:card\" content=\"summary_large_image\" \/>\n<meta name=\"twitter:label1\" content=\"Gesch\u00e4tzte Lesezeit\" \/>\n\t<meta name=\"twitter:data1\" content=\"2\u00a0Minuten\" \/>\n<!-- \/ Yoast SEO plugin. -->","yoast_head_json":{"title":"Cookie-Einstellungen - Patrium - Testamente, Nachl\u00e4sse und Erbschaft","robots":{"index":"index","follow":"follow","max-snippet":"max-snippet:-1","max-image-preview":"max-image-preview:large","max-video-preview":"max-video-preview:-1"},"canonical":"https:\/\/www.patrium.es\/de\/cookie-einstellungen\/","og_locale":"de_DE","og_type":"article","og_title":"Cookie-Einstellungen - Patrium - Testamente, Nachl\u00e4sse und Erbschaft","og_description":"Was sind Cookies? Ein Cookie ist eine Datei, die auf Ihren Computer heruntergeladen wird, wenn Sie auf bestimmte Webseiten zugreifen. Cookies erm\u00f6glichen es einer Webseite unter anderem, Informationen \u00fcber die Surfgewohnheiten eines Benutzers oder seiner Ger\u00e4te zu speichern und abzurufen. Abh\u00e4ngig von den darin enthaltenen Informationen und der Art und Weise, wie sie ihre Ger\u00e4te","og_url":"https:\/\/www.patrium.es\/de\/cookie-einstellungen\/","og_site_name":"Patrium - Testamente, Nachl\u00e4sse und Erbschaft","article_modified_time":"2020-10-06T12:03:39+00:00","og_image":[{"width":1300,"height":680,"url":"https:\/\/www.patrium.es\/de\/wp-content\/uploads\/sites\/6\/2020\/10\/patrium-portada-facebook-de.jpg","type":"image\/jpeg"}],"twitter_card":"summary_large_image","twitter_misc":{"Gesch\u00e4tzte Lesezeit":"2\u00a0Minuten"},"schema":{"@context":"https:\/\/schema.org","@graph":[{"@type":"WebPage","@id":"https:\/\/www.patrium.es\/de\/cookie-einstellungen\/","url":"https:\/\/www.patrium.es\/de\/cookie-einstellungen\/","name":"Cookie-Einstellungen - Patrium - Testamente, Nachl\u00e4sse und Erbschaft","isPartOf":{"@id":"https:\/\/www.patrium.es\/de\/#website"},"datePublished":"2020-04-24T17:08:05+00:00","dateModified":"2020-10-06T12:03:39+00:00","breadcrumb":{"@id":"https:\/\/www.patrium.es\/de\/cookie-einstellungen\/#breadcrumb"},"inLanguage":"de","potentialAction":[{"@type":"ReadAction","target":["https:\/\/www.patrium.es\/de\/cookie-einstellungen\/"]}]},{"@type":"BreadcrumbList","@id":"https:\/\/www.patrium.es\/de\/cookie-einstellungen\/#breadcrumb","itemListElement":[{"@type":"ListItem","position":1,"name":"Portada","item":"https:\/\/www.patrium.es\/de\/"},{"@type":"ListItem","position":2,"name":"Cookie-Einstellungen"}]},{"@type":"WebSite","@id":"https:\/\/www.patrium.es\/de\/#website","url":"https:\/\/www.patrium.es\/de\/","name":"Patrium - Testamente, Nachl\u00e4sse und Erbschaft","description":"Equipo jur\u00eddico especializado en Sucesiones, Herencias y Patrimonios","potentialAction":[{"@type":"SearchAction","target":{"@type":"EntryPoint","urlTemplate":"https:\/\/www.patrium.es\/de\/?s={search_term_string}"},"query-input":{"@type":"PropertyValueSpecification","valueRequired":true,"valueName":"search_term_string"}}],"inLanguage":"de"}]}},"_links":{"self":[{"href":"https:\/\/www.patrium.es\/de\/wp-json\/wp\/v2\/pages\/431"}],"collection":[{"href":"https:\/\/www.patrium.es\/de\/wp-json\/wp\/v2\/pages"}],"about":[{"href":"https:\/\/www.patrium.es\/de\/wp-json\/wp\/v2\/types\/page"}],"author":[{"embeddable":true,"href":"https:\/\/www.patrium.es\/de\/wp-json\/wp\/v2\/users\/1"}],"replies":[{"embeddable":true,"href":"https:\/\/www.patrium.es\/de\/wp-json\/wp\/v2\/comments?post=431"}],"version-history":[{"count":7,"href":"https:\/\/www.patrium.es\/de\/wp-json\/wp\/v2\/pages\/431\/revisions"}],"predecessor-version":[{"id":1292,"href":"https:\/\/www.patrium.es\/de\/wp-json\/wp\/v2\/pages\/431\/revisions\/1292"}],"wp:attachment":[{"href":"https:\/\/www.patrium.es\/de\/wp-json\/wp\/v2\/media?parent=431"}],"curies":[{"name":"wp","href":"https:\/\/api.w.org\/{rel}","templated":true}]}}