{"id":502,"date":"2020-04-27T16:55:03","date_gmt":"2020-04-27T14:55:03","guid":{"rendered":"https:\/\/www.patrium.es\/de\/?page_id=502"},"modified":"2025-09-02T13:23:38","modified_gmt":"2025-09-02T11:23:38","slug":"erbschaftsverfahren","status":"publish","type":"page","link":"https:\/\/www.patrium.es\/de\/erbschaft-und-nachlasse\/erbschaftsverfahren\/","title":{"rendered":"Erbschaftsverfahren"},"content":{"rendered":"","protected":false},"excerpt":{"rendered":"","protected":false},"author":1,"featured_media":0,"parent":530,"menu_order":0,"comment_status":"closed","ping_status":"closed","template":"","meta":{"footnotes":""},"yoast_head":"<!-- This site is optimized with the Yoast SEO plugin v23.5 - https:\/\/yoast.com\/wordpress\/plugins\/seo\/ -->\n<title>Erbschaftsverfahren - Patrium - Testamente, Nachl\u00e4sse und Erbschaft<\/title>\n<meta name=\"description\" content=\"Wenn Sie Ihre Erbschaft so schnell wie m\u00f6glich erhalten m\u00f6chten, z\u00e4hlen Sie auf ein f\u00fchrendes Team, das auf Erbrecht spezialisiert ist und mehr als 15 Jahre Erfahrung hat. Kontaktieren Sie uns.\" \/>\n<meta name=\"robots\" content=\"index, follow, max-snippet:-1, max-image-preview:large, max-video-preview:-1\" \/>\n<link rel=\"canonical\" href=\"https:\/\/www.patrium.es\/de\/erbschaft-und-nachlasse\/erbschaftsverfahren\/\" \/>\n<meta property=\"og:locale\" content=\"de_DE\" \/>\n<meta property=\"og:type\" content=\"article\" \/>\n<meta property=\"og:title\" content=\"Erbschaftsverfahren - Patrium - Testamente, Nachl\u00e4sse und Erbschaft\" \/>\n<meta property=\"og:description\" content=\"Wenn Sie Ihre Erbschaft so schnell wie m\u00f6glich erhalten m\u00f6chten, z\u00e4hlen Sie auf ein f\u00fchrendes Team, das auf Erbrecht spezialisiert ist und mehr als 15 Jahre Erfahrung hat. Kontaktieren Sie uns.\" \/>\n<meta property=\"og:url\" content=\"https:\/\/www.patrium.es\/de\/erbschaft-und-nachlasse\/erbschaftsverfahren\/\" \/>\n<meta property=\"og:site_name\" content=\"Patrium - Testamente, Nachl\u00e4sse und Erbschaft\" \/>\n<meta property=\"article:modified_time\" content=\"2025-09-02T11:23:38+00:00\" \/>\n<meta property=\"og:image\" content=\"https:\/\/www.patrium.es\/de\/wp-content\/uploads\/sites\/6\/2020\/10\/patrium-portada-facebook-de.jpg\" \/>\n\t<meta property=\"og:image:width\" content=\"1300\" \/>\n\t<meta property=\"og:image:height\" content=\"680\" \/>\n\t<meta property=\"og:image:type\" content=\"image\/jpeg\" \/>\n<meta name=\"twitter:card\" content=\"summary_large_image\" \/>\n<!-- \/ Yoast SEO plugin. -->","yoast_head_json":{"title":"Erbschaftsverfahren - Patrium - Testamente, Nachl\u00e4sse und Erbschaft","description":"Wenn Sie Ihre Erbschaft so schnell wie m\u00f6glich erhalten m\u00f6chten, z\u00e4hlen Sie auf ein f\u00fchrendes Team, das auf Erbrecht spezialisiert ist und mehr als 15 Jahre Erfahrung hat. Kontaktieren Sie uns.","robots":{"index":"index","follow":"follow","max-snippet":"max-snippet:-1","max-image-preview":"max-image-preview:large","max-video-preview":"max-video-preview:-1"},"canonical":"https:\/\/www.patrium.es\/de\/erbschaft-und-nachlasse\/erbschaftsverfahren\/","og_locale":"de_DE","og_type":"article","og_title":"Erbschaftsverfahren - Patrium - Testamente, Nachl\u00e4sse und Erbschaft","og_description":"Wenn Sie Ihre Erbschaft so schnell wie m\u00f6glich erhalten m\u00f6chten, z\u00e4hlen Sie auf ein f\u00fchrendes Team, das auf Erbrecht spezialisiert ist und mehr als 15 Jahre Erfahrung hat. Kontaktieren Sie uns.","og_url":"https:\/\/www.patrium.es\/de\/erbschaft-und-nachlasse\/erbschaftsverfahren\/","og_site_name":"Patrium - Testamente, Nachl\u00e4sse und Erbschaft","article_modified_time":"2025-09-02T11:23:38+00:00","og_image":[{"width":1300,"height":680,"url":"https:\/\/www.patrium.es\/de\/wp-content\/uploads\/sites\/6\/2020\/10\/patrium-portada-facebook-de.jpg","type":"image\/jpeg"}],"twitter_card":"summary_large_image","schema":{"@context":"https:\/\/schema.org","@graph":[{"@type":"WebPage","@id":"https:\/\/www.patrium.es\/de\/erbschaft-und-nachlasse\/erbschaftsverfahren\/","url":"https:\/\/www.patrium.es\/de\/erbschaft-und-nachlasse\/erbschaftsverfahren\/","name":"Erbschaftsverfahren - Patrium - Testamente, Nachl\u00e4sse und Erbschaft","isPartOf":{"@id":"https:\/\/www.patrium.es\/de\/#website"},"datePublished":"2020-04-27T14:55:03+00:00","dateModified":"2025-09-02T11:23:38+00:00","description":"Wenn Sie Ihre Erbschaft so schnell wie m\u00f6glich erhalten m\u00f6chten, z\u00e4hlen Sie auf ein f\u00fchrendes Team, das auf Erbrecht spezialisiert ist und mehr als 15 Jahre Erfahrung hat. Kontaktieren Sie uns.","breadcrumb":{"@id":"https:\/\/www.patrium.es\/de\/erbschaft-und-nachlasse\/erbschaftsverfahren\/#breadcrumb"},"inLanguage":"de","potentialAction":[{"@type":"ReadAction","target":["https:\/\/www.patrium.es\/de\/erbschaft-und-nachlasse\/erbschaftsverfahren\/"]}]},{"@type":"BreadcrumbList","@id":"https:\/\/www.patrium.es\/de\/erbschaft-und-nachlasse\/erbschaftsverfahren\/#breadcrumb","itemListElement":[{"@type":"ListItem","position":1,"name":"Portada","item":"https:\/\/www.patrium.es\/de\/"},{"@type":"ListItem","position":2,"name":"Erbschaft und Nachl\u00e4sse","item":"https:\/\/www.patrium.es\/de\/erbschaft-und-nachlasse\/"},{"@type":"ListItem","position":3,"name":"Erbschaftsverfahren"}]},{"@type":"WebSite","@id":"https:\/\/www.patrium.es\/de\/#website","url":"https:\/\/www.patrium.es\/de\/","name":"Patrium - Testamente, Nachl\u00e4sse und Erbschaft","description":"Equipo jur\u00eddico especializado en Sucesiones, Herencias y Patrimonios","potentialAction":[{"@type":"SearchAction","target":{"@type":"EntryPoint","urlTemplate":"https:\/\/www.patrium.es\/de\/?s={search_term_string}"},"query-input":{"@type":"PropertyValueSpecification","valueRequired":true,"valueName":"search_term_string"}}],"inLanguage":"de"}]}},"_links":{"self":[{"href":"https:\/\/www.patrium.es\/de\/wp-json\/wp\/v2\/pages\/502"}],"collection":[{"href":"https:\/\/www.patrium.es\/de\/wp-json\/wp\/v2\/pages"}],"about":[{"href":"https:\/\/www.patrium.es\/de\/wp-json\/wp\/v2\/types\/page"}],"author":[{"embeddable":true,"href":"https:\/\/www.patrium.es\/de\/wp-json\/wp\/v2\/users\/1"}],"replies":[{"embeddable":true,"href":"https:\/\/www.patrium.es\/de\/wp-json\/wp\/v2\/comments?post=502"}],"version-history":[{"count":5,"href":"https:\/\/www.patrium.es\/de\/wp-json\/wp\/v2\/pages\/502\/revisions"}],"predecessor-version":[{"id":1444,"href":"https:\/\/www.patrium.es\/de\/wp-json\/wp\/v2\/pages\/502\/revisions\/1444"}],"up":[{"embeddable":true,"href":"https:\/\/www.patrium.es\/de\/wp-json\/wp\/v2\/pages\/530"}],"wp:attachment":[{"href":"https:\/\/www.patrium.es\/de\/wp-json\/wp\/v2\/media?parent=502"}],"curies":[{"name":"wp","href":"https:\/\/api.w.org\/{rel}","templated":true}]}}