{"id":519,"date":"2020-04-27T16:58:43","date_gmt":"2020-04-27T14:58:43","guid":{"rendered":"https:\/\/www.patrium.es\/de\/?page_id=519"},"modified":"2025-05-29T13:20:10","modified_gmt":"2025-05-29T11:20:10","slug":"familienabkommen","status":"publish","type":"page","link":"https:\/\/www.patrium.es\/de\/vermogensverwaltung\/familienabkommen\/","title":{"rendered":"Familienabkommen"},"content":{"rendered":"","protected":false},"excerpt":{"rendered":"","protected":false},"author":1,"featured_media":0,"parent":529,"menu_order":0,"comment_status":"closed","ping_status":"closed","template":"","meta":{"footnotes":""},"yoast_head":"<!-- This site is optimized with the Yoast SEO plugin v23.5 - https:\/\/yoast.com\/wordpress\/plugins\/seo\/ -->\n<title>Familienabkommen - Patrium - Testamente, Nachl\u00e4sse und Erbschaft<\/title>\n<meta name=\"description\" content=\"Planen und bewahren Sie die Verwaltung Ihres Unternehmens und Ihres Familienerbes durch ein f\u00fchrendes Team im Bereich Verm\u00f6gensverwaltung und Familienabkommen, das auf \u00fcber mehr als 15 Jahre Erfahrung zur\u00fcckblickt. Kontaktieren Sie uns.\" \/>\n<meta name=\"robots\" content=\"index, follow, max-snippet:-1, max-image-preview:large, max-video-preview:-1\" \/>\n<link rel=\"canonical\" href=\"https:\/\/www.patrium.es\/de\/vermogensverwaltung\/familienabkommen\/\" \/>\n<meta property=\"og:locale\" content=\"de_DE\" \/>\n<meta property=\"og:type\" content=\"article\" \/>\n<meta property=\"og:title\" content=\"Familienabkommen - Patrium - Testamente, Nachl\u00e4sse und Erbschaft\" \/>\n<meta property=\"og:description\" content=\"Planen und bewahren Sie die Verwaltung Ihres Unternehmens und Ihres Familienerbes durch ein f\u00fchrendes Team im Bereich Verm\u00f6gensverwaltung und Familienabkommen, das auf \u00fcber mehr als 15 Jahre Erfahrung zur\u00fcckblickt. Kontaktieren Sie uns.\" \/>\n<meta property=\"og:url\" content=\"https:\/\/www.patrium.es\/de\/vermogensverwaltung\/familienabkommen\/\" \/>\n<meta property=\"og:site_name\" content=\"Patrium - Testamente, Nachl\u00e4sse und Erbschaft\" \/>\n<meta property=\"article:modified_time\" content=\"2025-05-29T11:20:10+00:00\" \/>\n<meta property=\"og:image\" content=\"https:\/\/www.patrium.es\/de\/wp-content\/uploads\/sites\/6\/2020\/10\/patrium-portada-facebook-de.jpg\" \/>\n\t<meta property=\"og:image:width\" content=\"1300\" \/>\n\t<meta property=\"og:image:height\" content=\"680\" \/>\n\t<meta property=\"og:image:type\" content=\"image\/jpeg\" \/>\n<meta name=\"twitter:card\" content=\"summary_large_image\" \/>\n<!-- \/ Yoast SEO plugin. -->","yoast_head_json":{"title":"Familienabkommen - Patrium - Testamente, Nachl\u00e4sse und Erbschaft","description":"Planen und bewahren Sie die Verwaltung Ihres Unternehmens und Ihres Familienerbes durch ein f\u00fchrendes Team im Bereich Verm\u00f6gensverwaltung und Familienabkommen, das auf \u00fcber mehr als 15 Jahre Erfahrung zur\u00fcckblickt. Kontaktieren Sie uns.","robots":{"index":"index","follow":"follow","max-snippet":"max-snippet:-1","max-image-preview":"max-image-preview:large","max-video-preview":"max-video-preview:-1"},"canonical":"https:\/\/www.patrium.es\/de\/vermogensverwaltung\/familienabkommen\/","og_locale":"de_DE","og_type":"article","og_title":"Familienabkommen - Patrium - Testamente, Nachl\u00e4sse und Erbschaft","og_description":"Planen und bewahren Sie die Verwaltung Ihres Unternehmens und Ihres Familienerbes durch ein f\u00fchrendes Team im Bereich Verm\u00f6gensverwaltung und Familienabkommen, das auf \u00fcber mehr als 15 Jahre Erfahrung zur\u00fcckblickt. Kontaktieren Sie uns.","og_url":"https:\/\/www.patrium.es\/de\/vermogensverwaltung\/familienabkommen\/","og_site_name":"Patrium - Testamente, Nachl\u00e4sse und Erbschaft","article_modified_time":"2025-05-29T11:20:10+00:00","og_image":[{"width":1300,"height":680,"url":"https:\/\/www.patrium.es\/de\/wp-content\/uploads\/sites\/6\/2020\/10\/patrium-portada-facebook-de.jpg","type":"image\/jpeg"}],"twitter_card":"summary_large_image","schema":{"@context":"https:\/\/schema.org","@graph":[{"@type":"WebPage","@id":"https:\/\/www.patrium.es\/de\/vermogensverwaltung\/familienabkommen\/","url":"https:\/\/www.patrium.es\/de\/vermogensverwaltung\/familienabkommen\/","name":"Familienabkommen - Patrium - Testamente, Nachl\u00e4sse und Erbschaft","isPartOf":{"@id":"https:\/\/www.patrium.es\/de\/#website"},"datePublished":"2020-04-27T14:58:43+00:00","dateModified":"2025-05-29T11:20:10+00:00","description":"Planen und bewahren Sie die Verwaltung Ihres Unternehmens und Ihres Familienerbes durch ein f\u00fchrendes Team im Bereich Verm\u00f6gensverwaltung und Familienabkommen, das auf \u00fcber mehr als 15 Jahre Erfahrung zur\u00fcckblickt. Kontaktieren Sie uns.","breadcrumb":{"@id":"https:\/\/www.patrium.es\/de\/vermogensverwaltung\/familienabkommen\/#breadcrumb"},"inLanguage":"de","potentialAction":[{"@type":"ReadAction","target":["https:\/\/www.patrium.es\/de\/vermogensverwaltung\/familienabkommen\/"]}]},{"@type":"BreadcrumbList","@id":"https:\/\/www.patrium.es\/de\/vermogensverwaltung\/familienabkommen\/#breadcrumb","itemListElement":[{"@type":"ListItem","position":1,"name":"Portada","item":"https:\/\/www.patrium.es\/de\/"},{"@type":"ListItem","position":2,"name":"Verm\u00f6gensverwaltung","item":"https:\/\/www.patrium.es\/de\/vermogensverwaltung\/"},{"@type":"ListItem","position":3,"name":"Familienabkommen"}]},{"@type":"WebSite","@id":"https:\/\/www.patrium.es\/de\/#website","url":"https:\/\/www.patrium.es\/de\/","name":"Patrium - Testamente, Nachl\u00e4sse und Erbschaft","description":"Equipo jur\u00eddico especializado en Sucesiones, Herencias y Patrimonios","potentialAction":[{"@type":"SearchAction","target":{"@type":"EntryPoint","urlTemplate":"https:\/\/www.patrium.es\/de\/?s={search_term_string}"},"query-input":{"@type":"PropertyValueSpecification","valueRequired":true,"valueName":"search_term_string"}}],"inLanguage":"de"}]}},"_links":{"self":[{"href":"https:\/\/www.patrium.es\/de\/wp-json\/wp\/v2\/pages\/519"}],"collection":[{"href":"https:\/\/www.patrium.es\/de\/wp-json\/wp\/v2\/pages"}],"about":[{"href":"https:\/\/www.patrium.es\/de\/wp-json\/wp\/v2\/types\/page"}],"author":[{"embeddable":true,"href":"https:\/\/www.patrium.es\/de\/wp-json\/wp\/v2\/users\/1"}],"replies":[{"embeddable":true,"href":"https:\/\/www.patrium.es\/de\/wp-json\/wp\/v2\/comments?post=519"}],"version-history":[{"count":5,"href":"https:\/\/www.patrium.es\/de\/wp-json\/wp\/v2\/pages\/519\/revisions"}],"predecessor-version":[{"id":1388,"href":"https:\/\/www.patrium.es\/de\/wp-json\/wp\/v2\/pages\/519\/revisions\/1388"}],"up":[{"embeddable":true,"href":"https:\/\/www.patrium.es\/de\/wp-json\/wp\/v2\/pages\/529"}],"wp:attachment":[{"href":"https:\/\/www.patrium.es\/de\/wp-json\/wp\/v2\/media?parent=519"}],"curies":[{"name":"wp","href":"https:\/\/api.w.org\/{rel}","templated":true}]}}