{"id":520,"date":"2020-04-27T16:58:54","date_gmt":"2020-04-27T16:58:54","guid":{"rendered":"https:\/\/www.patrium.es\/de\/?page_id=520"},"modified":"2025-05-29T13:20:42","modified_gmt":"2025-05-29T11:20:42","slug":"family-office","status":"publish","type":"page","link":"https:\/\/www.patrium.es\/de\/vermogensverwaltung\/family-office\/","title":{"rendered":"Family Office"},"content":{"rendered":"","protected":false},"excerpt":{"rendered":"","protected":false},"author":1,"featured_media":0,"parent":529,"menu_order":0,"comment_status":"closed","ping_status":"closed","template":"","meta":{"footnotes":""},"yoast_head":"<!-- This site is optimized with the Yoast SEO plugin v23.5 - https:\/\/yoast.com\/wordpress\/plugins\/seo\/ -->\n<title>Family Office - Patrium - Testamente, Nachl\u00e4sse und Erbschaft<\/title>\n<meta name=\"description\" content=\"Erhalten Sie die Leistung und den Ertrag, den Sie vom Verm\u00f6gen Ihrer Familie erwarten. Planen und bewahren Sie die F\u00fchrung Ihres Unternehmens durch ein F\u00fchrungsteam mit mehr als 15 Jahren Erfahrung im Familienb\u00fcro. Kontaktieren Sie uns.\" \/>\n<meta name=\"robots\" content=\"index, follow, max-snippet:-1, max-image-preview:large, max-video-preview:-1\" \/>\n<link rel=\"canonical\" href=\"https:\/\/www.patrium.es\/de\/vermogensverwaltung\/family-office\/\" \/>\n<meta property=\"og:locale\" content=\"de_DE\" \/>\n<meta property=\"og:type\" content=\"article\" \/>\n<meta property=\"og:title\" content=\"Family Office - Patrium - Testamente, Nachl\u00e4sse und Erbschaft\" \/>\n<meta property=\"og:description\" content=\"Erhalten Sie die Leistung und den Ertrag, den Sie vom Verm\u00f6gen Ihrer Familie erwarten. Planen und bewahren Sie die F\u00fchrung Ihres Unternehmens durch ein F\u00fchrungsteam mit mehr als 15 Jahren Erfahrung im Familienb\u00fcro. Kontaktieren Sie uns.\" \/>\n<meta property=\"og:url\" content=\"https:\/\/www.patrium.es\/de\/vermogensverwaltung\/family-office\/\" \/>\n<meta property=\"og:site_name\" content=\"Patrium - Testamente, Nachl\u00e4sse und Erbschaft\" \/>\n<meta property=\"article:modified_time\" content=\"2025-05-29T11:20:42+00:00\" \/>\n<meta property=\"og:image\" content=\"https:\/\/www.patrium.es\/de\/wp-content\/uploads\/sites\/6\/2020\/10\/patrium-portada-facebook-de.jpg\" \/>\n\t<meta property=\"og:image:width\" content=\"1300\" \/>\n\t<meta property=\"og:image:height\" content=\"680\" \/>\n\t<meta property=\"og:image:type\" content=\"image\/jpeg\" \/>\n<meta name=\"twitter:card\" content=\"summary_large_image\" \/>\n<!-- \/ Yoast SEO plugin. -->","yoast_head_json":{"title":"Family Office - Patrium - Testamente, Nachl\u00e4sse und Erbschaft","description":"Erhalten Sie die Leistung und den Ertrag, den Sie vom Verm\u00f6gen Ihrer Familie erwarten. Planen und bewahren Sie die F\u00fchrung Ihres Unternehmens durch ein F\u00fchrungsteam mit mehr als 15 Jahren Erfahrung im Familienb\u00fcro. Kontaktieren Sie uns.","robots":{"index":"index","follow":"follow","max-snippet":"max-snippet:-1","max-image-preview":"max-image-preview:large","max-video-preview":"max-video-preview:-1"},"canonical":"https:\/\/www.patrium.es\/de\/vermogensverwaltung\/family-office\/","og_locale":"de_DE","og_type":"article","og_title":"Family Office - Patrium - Testamente, Nachl\u00e4sse und Erbschaft","og_description":"Erhalten Sie die Leistung und den Ertrag, den Sie vom Verm\u00f6gen Ihrer Familie erwarten. Planen und bewahren Sie die F\u00fchrung Ihres Unternehmens durch ein F\u00fchrungsteam mit mehr als 15 Jahren Erfahrung im Familienb\u00fcro. Kontaktieren Sie uns.","og_url":"https:\/\/www.patrium.es\/de\/vermogensverwaltung\/family-office\/","og_site_name":"Patrium - Testamente, Nachl\u00e4sse und Erbschaft","article_modified_time":"2025-05-29T11:20:42+00:00","og_image":[{"width":1300,"height":680,"url":"https:\/\/www.patrium.es\/de\/wp-content\/uploads\/sites\/6\/2020\/10\/patrium-portada-facebook-de.jpg","type":"image\/jpeg"}],"twitter_card":"summary_large_image","schema":{"@context":"https:\/\/schema.org","@graph":[{"@type":"WebPage","@id":"https:\/\/www.patrium.es\/de\/vermogensverwaltung\/family-office\/","url":"https:\/\/www.patrium.es\/de\/vermogensverwaltung\/family-office\/","name":"Family Office - Patrium - Testamente, Nachl\u00e4sse und Erbschaft","isPartOf":{"@id":"https:\/\/www.patrium.es\/de\/#website"},"datePublished":"2020-04-27T16:58:54+00:00","dateModified":"2025-05-29T11:20:42+00:00","description":"Erhalten Sie die Leistung und den Ertrag, den Sie vom Verm\u00f6gen Ihrer Familie erwarten. Planen und bewahren Sie die F\u00fchrung Ihres Unternehmens durch ein F\u00fchrungsteam mit mehr als 15 Jahren Erfahrung im Familienb\u00fcro. Kontaktieren Sie uns.","breadcrumb":{"@id":"https:\/\/www.patrium.es\/de\/vermogensverwaltung\/family-office\/#breadcrumb"},"inLanguage":"de","potentialAction":[{"@type":"ReadAction","target":["https:\/\/www.patrium.es\/de\/vermogensverwaltung\/family-office\/"]}]},{"@type":"BreadcrumbList","@id":"https:\/\/www.patrium.es\/de\/vermogensverwaltung\/family-office\/#breadcrumb","itemListElement":[{"@type":"ListItem","position":1,"name":"Portada","item":"https:\/\/www.patrium.es\/de\/"},{"@type":"ListItem","position":2,"name":"Verm\u00f6gensverwaltung","item":"https:\/\/www.patrium.es\/de\/vermogensverwaltung\/"},{"@type":"ListItem","position":3,"name":"Family Office"}]},{"@type":"WebSite","@id":"https:\/\/www.patrium.es\/de\/#website","url":"https:\/\/www.patrium.es\/de\/","name":"Patrium - Testamente, Nachl\u00e4sse und Erbschaft","description":"Equipo jur\u00eddico especializado en Sucesiones, Herencias y Patrimonios","potentialAction":[{"@type":"SearchAction","target":{"@type":"EntryPoint","urlTemplate":"https:\/\/www.patrium.es\/de\/?s={search_term_string}"},"query-input":{"@type":"PropertyValueSpecification","valueRequired":true,"valueName":"search_term_string"}}],"inLanguage":"de"}]}},"_links":{"self":[{"href":"https:\/\/www.patrium.es\/de\/wp-json\/wp\/v2\/pages\/520"}],"collection":[{"href":"https:\/\/www.patrium.es\/de\/wp-json\/wp\/v2\/pages"}],"about":[{"href":"https:\/\/www.patrium.es\/de\/wp-json\/wp\/v2\/types\/page"}],"author":[{"embeddable":true,"href":"https:\/\/www.patrium.es\/de\/wp-json\/wp\/v2\/users\/1"}],"replies":[{"embeddable":true,"href":"https:\/\/www.patrium.es\/de\/wp-json\/wp\/v2\/comments?post=520"}],"version-history":[{"count":5,"href":"https:\/\/www.patrium.es\/de\/wp-json\/wp\/v2\/pages\/520\/revisions"}],"predecessor-version":[{"id":1389,"href":"https:\/\/www.patrium.es\/de\/wp-json\/wp\/v2\/pages\/520\/revisions\/1389"}],"up":[{"embeddable":true,"href":"https:\/\/www.patrium.es\/de\/wp-json\/wp\/v2\/pages\/529"}],"wp:attachment":[{"href":"https:\/\/www.patrium.es\/de\/wp-json\/wp\/v2\/media?parent=520"}],"curies":[{"name":"wp","href":"https:\/\/api.w.org\/{rel}","templated":true}]}}